{"id":47,"date":"2014-07-10T11:21:03","date_gmt":"2014-07-10T09:21:03","guid":{"rendered":"http:\/\/www.rader-therapie.at\/?page_id=47"},"modified":"2020-04-10T08:25:50","modified_gmt":"2020-04-10T06:25:50","slug":"psychotherapie","status":"publish","type":"page","link":"https:\/\/www.rader-therapie.at\/?page_id=47","title":{"rendered":"Psychotherapie"},"content":{"rendered":"<p><span style=\"font-size: large;\"><span style=\"text-decoration: underline;\"><b>Was ist Psychotherapie:<\/b><\/span><\/span><\/p>\n<p>Psychotherapie orientiert sich an gew\u00fcnschten Ver\u00e4nderungen im Erleben und Verhalten von uns Menschen und unterst\u00fctzt uns dabei, unsere W\u00fcnsche, Visionen und Ziele zu erreichen. Die Verschwiegenheit ist ein zentrales Element in der Psychotherapie.<\/p>\n<p>Ziel einer Psychotherapie ist das Erkennen und folglich die Ver\u00e4nderung hinderlicher Denk- und Verhaltensmuster, um mehr Lebensqualit\u00e4t und Lebensfreude zu erlangen.<\/p>\n<p>Neben mehreren in \u00d6sterreich anerkannten Ausrichtungen der Psychotherapie arbeite ich nach der Methode der Verhaltenstherapie.<\/p>\n<p><span style=\"font-size: large;\"><span style=\"text-decoration: underline;\"><b>F\u00fcr wen ist Psychotherapie:<\/b><\/span><\/span><\/p>\n<p>Psychotherapie ist hilfreich f\u00fcr Menschen, die sich mit sich selbst auseinandersetzen m\u00f6chten im Hinblick auf<\/p>\n<ul>\n<li>Weiterentwicklung der Pers\u00f6nlichkeit<\/li>\n<li>Sinnfindung<\/li>\n<\/ul>\n<p>Psychotherapie unterst\u00fctzt Menschen in Krisensituationen, wie beispielsweise<\/p>\n<ul>\n<li>Arbeit<\/li>\n<li>Familie<\/li>\n<li>Beziehung<\/li>\n<li>Partnerschaft<\/li>\n<li>Ehe<\/li>\n<\/ul>\n<p>Psychotherapie wird eingesetzt zur Behandlung von Menschen, die unter den nachfolgenden Erkrankungen leiden<\/p>\n<ul>\n<li>Angst- und Panikattacken<\/li>\n<li>Zw\u00e4nge<\/li>\n<li>S\u00fcchte<\/li>\n<li>Burn out\/Depression<\/li>\n<li>Schizophrenie<\/li>\n<li>Bipolare St\u00f6rungen<\/li>\n<li>Essst\u00f6rungen<\/li>\n<li>Psychosomatische Erkrankungen (Migr\u00e4ne, Magen-Darmbeschwerden, Wirbels\u00e4ulenprobleme, etc.)<\/li>\n<\/ul>\n<p>Ich arbeite mit<\/p>\n<ul>\n<li>Jugendlichen<\/li>\n<li>Erwachsenen<\/li>\n<li>\u00c4lteren Menschen<\/li>\n<\/ul>\n<p>entweder einzeln oder mit deren Partner bzw. Familie.<\/p>\n","protected":false},"excerpt":{"rendered":"<p>Was ist Psychotherapie: Psychotherapie orientiert sich an gew\u00fcnschten Ver\u00e4nderungen im Erleben und Verhalten von uns Menschen und unterst\u00fctzt uns dabei, unsere W\u00fcnsche, Visionen und Ziele zu erreichen. Die Verschwiegenheit ist ein zentrales Element in der Psychotherapie. Ziel einer Psychotherapie ist das Erkennen und folglich die Ver\u00e4nderung hinderlicher Denk- und Verhaltensmuster, um mehr Lebensqualit\u00e4t und Lebensfreude &hellip; <a href=\"https:\/\/www.rader-therapie.at\/?page_id=47\" class=\"more-link\"><span class=\"screen-reader-text\">Psychotherapie<\/span> weiterlesen <span class=\"meta-nav\">&rarr;<\/span><\/a><\/p>\n","protected":false},"author":1,"featured_media":0,"parent":0,"menu_order":2,"comment_status":"closed","ping_status":"closed","template":"","meta":{"footnotes":""},"class_list":["post-47","page","type-page","status-publish","hentry"],"_links":{"self":[{"href":"https:\/\/www.rader-therapie.at\/index.php?rest_route=\/wp\/v2\/pages\/47","targetHints":{"allow":["GET"]}}],"collection":[{"href":"https:\/\/www.rader-therapie.at\/index.php?rest_route=\/wp\/v2\/pages"}],"about":[{"href":"https:\/\/www.rader-therapie.at\/index.php?rest_route=\/wp\/v2\/types\/page"}],"author":[{"embeddable":true,"href":"https:\/\/www.rader-therapie.at\/index.php?rest_route=\/wp\/v2\/users\/1"}],"replies":[{"embeddable":true,"href":"https:\/\/www.rader-therapie.at\/index.php?rest_route=%2Fwp%2Fv2%2Fcomments&post=47"}],"version-history":[{"count":11,"href":"https:\/\/www.rader-therapie.at\/index.php?rest_route=\/wp\/v2\/pages\/47\/revisions"}],"predecessor-version":[{"id":278,"href":"https:\/\/www.rader-therapie.at\/index.php?rest_route=\/wp\/v2\/pages\/47\/revisions\/278"}],"wp:attachment":[{"href":"https:\/\/www.rader-therapie.at\/index.php?rest_route=%2Fwp%2Fv2%2Fmedia&parent=47"}],"curies":[{"name":"wp","href":"https:\/\/api.w.org\/{rel}","templated":true}]}}