{"id":28,"date":"2014-07-10T11:20:06","date_gmt":"2014-07-10T09:20:06","guid":{"rendered":"http:\/\/www.rader-therapie.at\/?page_id=28"},"modified":"2024-09-14T11:42:05","modified_gmt":"2024-09-14T09:42:05","slug":"ueber-mich","status":"publish","type":"page","link":"https:\/\/www.rader-therapie.at\/?page_id=28","title":{"rendered":"\u00dcber mich"},"content":{"rendered":"\n<figure class=\"wp-block-image size-large is-resized\"><a href=\"https:\/\/www.rader-therapie.at\/wp-content\/uploads\/2024\/09\/DSC0020-scaled.jpg\"><img loading=\"lazy\" decoding=\"async\" width=\"924\" height=\"1024\" src=\"https:\/\/www.rader-therapie.at\/wp-content\/uploads\/2024\/09\/DSC0020-924x1024.jpg\" alt=\"\" class=\"wp-image-305\" style=\"aspect-ratio:0.9821428571428571;object-fit:contain;width:282px;height:auto\" srcset=\"https:\/\/www.rader-therapie.at\/wp-content\/uploads\/2024\/09\/DSC0020-924x1024.jpg 924w, https:\/\/www.rader-therapie.at\/wp-content\/uploads\/2024\/09\/DSC0020-271x300.jpg 271w, https:\/\/www.rader-therapie.at\/wp-content\/uploads\/2024\/09\/DSC0020-768x851.jpg 768w, https:\/\/www.rader-therapie.at\/wp-content\/uploads\/2024\/09\/DSC0020-1386x1536.jpg 1386w, https:\/\/www.rader-therapie.at\/wp-content\/uploads\/2024\/09\/DSC0020-1848x2048.jpg 1848w\" sizes=\"auto, (max-width: 924px) 100vw, 924px\" \/><\/a><\/figure>\n\n\n<p>Es ist mir sehr wichtig mit Ihnen eine tragf\u00e4hige und vertrauensvolle Beziehung aufzubauen. Eine Beziehung in der Sie sich als Mensch wahrgenommen und verstanden f\u00fchlen.<span class=\"Apple-converted-space\">\u00a0<\/span><\/p>\n<p>Gerne stelle ich Ihnen mein fachliches Wissen und meine gesammelten Erfahrungen, individuell auf Ihre Anliegen angepasst, zur Verf\u00fcgung. Gemeinsam k\u00f6nnen wir Therapieziele entwickeln und Schritt f\u00fcr Schritt, in Ihrem Tempo, umsetzen. So wird sich Ihre Lebensqualit\u00e4t verbessern und wieder mehr Lebensfreude f\u00fcr Sie sp\u00fcrbar.<span class=\"Apple-converted-space\">\u00a0<\/span><\/p>\n<p>Ich w\u00fcrde mich \u00fcber eine Anfrage (telefonisch oder per Mail) sehr freuen!<\/p>\n<div style=\"clear: both;\"><u>Meine Ausbildungen:<\/u><\/div>\n<div style=\"clear: both;\">&#8211; Psychotherapeutin<br \/>&#8211; Qualit\u00e4tsmanagement<br \/>&#8211; Soziologin<br \/>&#8211; Diplomierte Gesundheits- und Krankenschwester<\/div>\n\n\n<p><\/p>\n","protected":false},"excerpt":{"rendered":"<p>Es ist mir sehr wichtig mit Ihnen eine tragf\u00e4hige und vertrauensvolle Beziehung aufzubauen. Eine Beziehung in der Sie sich als Mensch wahrgenommen und verstanden f\u00fchlen.\u00a0 Gerne stelle ich Ihnen mein fachliches Wissen und meine gesammelten Erfahrungen, individuell auf Ihre Anliegen angepasst, zur Verf\u00fcgung. Gemeinsam k\u00f6nnen wir Therapieziele entwickeln und Schritt f\u00fcr Schritt, in Ihrem Tempo, &hellip; <a href=\"https:\/\/www.rader-therapie.at\/?page_id=28\" class=\"more-link\"><span class=\"screen-reader-text\">\u00dcber mich<\/span> weiterlesen <span class=\"meta-nav\">&rarr;<\/span><\/a><\/p>\n","protected":false},"author":1,"featured_media":0,"parent":0,"menu_order":1,"comment_status":"closed","ping_status":"closed","template":"","meta":{"footnotes":""},"class_list":["post-28","page","type-page","status-publish","hentry"],"_links":{"self":[{"href":"https:\/\/www.rader-therapie.at\/index.php?rest_route=\/wp\/v2\/pages\/28","targetHints":{"allow":["GET"]}}],"collection":[{"href":"https:\/\/www.rader-therapie.at\/index.php?rest_route=\/wp\/v2\/pages"}],"about":[{"href":"https:\/\/www.rader-therapie.at\/index.php?rest_route=\/wp\/v2\/types\/page"}],"author":[{"embeddable":true,"href":"https:\/\/www.rader-therapie.at\/index.php?rest_route=\/wp\/v2\/users\/1"}],"replies":[{"embeddable":true,"href":"https:\/\/www.rader-therapie.at\/index.php?rest_route=%2Fwp%2Fv2%2Fcomments&post=28"}],"version-history":[{"count":71,"href":"https:\/\/www.rader-therapie.at\/index.php?rest_route=\/wp\/v2\/pages\/28\/revisions"}],"predecessor-version":[{"id":311,"href":"https:\/\/www.rader-therapie.at\/index.php?rest_route=\/wp\/v2\/pages\/28\/revisions\/311"}],"wp:attachment":[{"href":"https:\/\/www.rader-therapie.at\/index.php?rest_route=%2Fwp%2Fv2%2Fmedia&parent=28"}],"curies":[{"name":"wp","href":"https:\/\/api.w.org\/{rel}","templated":true}]}}