{"id":262,"date":"2020-04-09T22:26:29","date_gmt":"2020-04-09T20:26:29","guid":{"rendered":"http:\/\/www.rader-therapie.at\/?page_id=262"},"modified":"2025-08-22T07:37:09","modified_gmt":"2025-08-22T05:37:09","slug":"organisatorisches","status":"publish","type":"page","link":"https:\/\/www.rader-therapie.at\/?page_id=262","title":{"rendered":"Organisatorisches"},"content":{"rendered":"\n<p>Mein Honorar f\u00fcr Psychotherapie betr\u00e4gt \u20ac 120 f\u00fcr eine Stunde. Ich bitte Sie mir das Honorar nach der Sitzung in bar zu bezahlen. Ich biete auch <em>erm\u00e4ssigte<\/em> Tarife an. Kriterien daf\u00fcr k\u00f6nnen wir sehr gerne gemeinsam vor Ort besprechen.<\/p>\n\n\n\n<p>Einen Teil des Honorars bekommen Sie nach Einreichung von Ihrer Krankenkasse refundiert. Die H\u00f6he des Zuschusses erfahren Sie bei Ihrem Krankenversicherungstr\u00e4ger.&nbsp;<\/p>\n\n\n\n<p>Wenn Sie einen bereits vereinbarten Termin nicht einhalten k\u00f6nnen, bitte ich Sie mir diesen ehest m\u00f6glich abzusagen.<\/p>\n\n\n\n<p><\/p>\n","protected":false},"excerpt":{"rendered":"<p>Mein Honorar f\u00fcr Psychotherapie betr\u00e4gt \u20ac 120 f\u00fcr eine Stunde. Ich bitte Sie mir das Honorar nach der Sitzung in bar zu bezahlen. Ich biete auch erm\u00e4ssigte Tarife an. Kriterien daf\u00fcr k\u00f6nnen wir sehr gerne gemeinsam vor Ort besprechen. Einen Teil des Honorars bekommen Sie nach Einreichung von Ihrer Krankenkasse refundiert. Die H\u00f6he des Zuschusses &hellip; <a href=\"https:\/\/www.rader-therapie.at\/?page_id=262\" class=\"more-link\"><span class=\"screen-reader-text\">Organisatorisches<\/span> weiterlesen <span class=\"meta-nav\">&rarr;<\/span><\/a><\/p>\n","protected":false},"author":1,"featured_media":0,"parent":0,"menu_order":3,"comment_status":"closed","ping_status":"closed","template":"","meta":{"footnotes":""},"class_list":["post-262","page","type-page","status-publish","hentry"],"_links":{"self":[{"href":"https:\/\/www.rader-therapie.at\/index.php?rest_route=\/wp\/v2\/pages\/262","targetHints":{"allow":["GET"]}}],"collection":[{"href":"https:\/\/www.rader-therapie.at\/index.php?rest_route=\/wp\/v2\/pages"}],"about":[{"href":"https:\/\/www.rader-therapie.at\/index.php?rest_route=\/wp\/v2\/types\/page"}],"author":[{"embeddable":true,"href":"https:\/\/www.rader-therapie.at\/index.php?rest_route=\/wp\/v2\/users\/1"}],"replies":[{"embeddable":true,"href":"https:\/\/www.rader-therapie.at\/index.php?rest_route=%2Fwp%2Fv2%2Fcomments&post=262"}],"version-history":[{"count":13,"href":"https:\/\/www.rader-therapie.at\/index.php?rest_route=\/wp\/v2\/pages\/262\/revisions"}],"predecessor-version":[{"id":316,"href":"https:\/\/www.rader-therapie.at\/index.php?rest_route=\/wp\/v2\/pages\/262\/revisions\/316"}],"wp:attachment":[{"href":"https:\/\/www.rader-therapie.at\/index.php?rest_route=%2Fwp%2Fv2%2Fmedia&parent=262"}],"curies":[{"name":"wp","href":"https:\/\/api.w.org\/{rel}","templated":true}]}}