{"id":183,"date":"2018-07-08T11:27:35","date_gmt":"2018-07-08T09:27:35","guid":{"rendered":"http:\/\/www.rader-therapie.at\/?page_id=183"},"modified":"2018-07-08T11:33:38","modified_gmt":"2018-07-08T09:33:38","slug":"datenschutzerklaerung","status":"publish","type":"page","link":"https:\/\/www.rader-therapie.at\/?page_id=183","title":{"rendered":"Datenschutzerkl\u00e4rung"},"content":{"rendered":"<p><strong>Erkl\u00e4rung zur Informationspflicht:<\/strong> Mir ist es besonders wichtig Ihre pers\u00f6nlichen Daten zu sch\u00fctzen. Deshalb verarbeite ich Ihre Daten ausschlie\u00dflich auf Grundlage der gesetzlichen Bestimmungen (TKG 2003, DSGVO) und nach bestem Wissen und Gewissen. Nachfolgend informiere ich Sie, wie die Verarbeitung solcher Daten auf meiner Website durchgef\u00fchrt wird.<\/p>\n<p><strong>Kontaktaufnahme:<\/strong>\u00a0Es gibt auf meiner Seite kein Kontaktformular. Daher werden auch keine Ihrer pers\u00f6nlichen Daten auf dieser Website verarbeitet. Sie k\u00f6nnen ausschlie\u00dflich telefonisch oder per E-Mail mit mir Kontakt aufnehmen.<\/p>\n<p><strong>Cookies<\/strong>: Es werden auf meiner Website keine Cookies gesetzt, auf die laut DSVGO hinzuweisen w\u00e4re.<\/p>\n<p><strong>Web-Analyse und Log-Files<\/strong>: Die Auswertung der Nutzungsdaten meiner Homepage wird von meinem Hosting Provider:<\/p>\n<p>WORLD4YOU Internet Services GmbH<br \/>\nHafenstrasse 47-51<br \/>\nA-4020 Linz<br \/>\nAustria\/Europe<\/p>\n<p>mittels des Programmes Webalizer durchgef\u00fchrt. Es wird kein externer Analysedienst in Anspruch genommen. Mit WORLD4YOU Internet Services GmbH habe ich einen Vertrag bez\u00fcglich der Auftragsverarbeitung gem\u00e4\u00df Art. 28 DSGVO abgeschlossen.<\/p>\n<p><strong>Ihre Rechte<\/strong>: Sie haben grunds\u00e4tzlich die Rechte auf Auskunft, Berichtigung, L\u00f6schung, Einschr\u00e4nkung, Daten\u00fcbertragbarkeit, Widerruf und Widerspruch. Falls Sie glauben, dass bei der Verarbeitung Ihrer Daten gegen das Datenschutzrecht versto\u00dfen wurde, dann haben Sie die M\u00f6glichkeit bei der zust\u00e4ndigen Aufsichtsbeh\u00f6rde Beschwerde einzulegen. In \u00d6sterreich ist dies die Datenschutzbeh\u00f6rde.<\/p>\n","protected":false},"excerpt":{"rendered":"<p>Erkl\u00e4rung zur Informationspflicht: Mir ist es besonders wichtig Ihre pers\u00f6nlichen Daten zu sch\u00fctzen. Deshalb verarbeite ich Ihre Daten ausschlie\u00dflich auf Grundlage der gesetzlichen Bestimmungen (TKG 2003, DSGVO) und nach bestem Wissen und Gewissen. Nachfolgend informiere ich Sie, wie die Verarbeitung solcher Daten auf meiner Website durchgef\u00fchrt wird. Kontaktaufnahme:\u00a0Es gibt auf meiner Seite kein Kontaktformular. Daher &hellip; <a href=\"https:\/\/www.rader-therapie.at\/?page_id=183\" class=\"more-link\"><span class=\"screen-reader-text\">Datenschutzerkl\u00e4rung<\/span> weiterlesen <span class=\"meta-nav\">&rarr;<\/span><\/a><\/p>\n","protected":false},"author":1,"featured_media":0,"parent":0,"menu_order":6,"comment_status":"closed","ping_status":"closed","template":"","meta":{"footnotes":""},"class_list":["post-183","page","type-page","status-publish","hentry"],"_links":{"self":[{"href":"https:\/\/www.rader-therapie.at\/index.php?rest_route=\/wp\/v2\/pages\/183","targetHints":{"allow":["GET"]}}],"collection":[{"href":"https:\/\/www.rader-therapie.at\/index.php?rest_route=\/wp\/v2\/pages"}],"about":[{"href":"https:\/\/www.rader-therapie.at\/index.php?rest_route=\/wp\/v2\/types\/page"}],"author":[{"embeddable":true,"href":"https:\/\/www.rader-therapie.at\/index.php?rest_route=\/wp\/v2\/users\/1"}],"replies":[{"embeddable":true,"href":"https:\/\/www.rader-therapie.at\/index.php?rest_route=%2Fwp%2Fv2%2Fcomments&post=183"}],"version-history":[{"count":5,"href":"https:\/\/www.rader-therapie.at\/index.php?rest_route=\/wp\/v2\/pages\/183\/revisions"}],"predecessor-version":[{"id":188,"href":"https:\/\/www.rader-therapie.at\/index.php?rest_route=\/wp\/v2\/pages\/183\/revisions\/188"}],"wp:attachment":[{"href":"https:\/\/www.rader-therapie.at\/index.php?rest_route=%2Fwp%2Fv2%2Fmedia&parent=183"}],"curies":[{"name":"wp","href":"https:\/\/api.w.org\/{rel}","templated":true}]}}